{"id":33,"date":"2015-09-09T18:00:36","date_gmt":"2015-09-09T16:00:36","guid":{"rendered":"http:\/\/www.3dgis.it\/?page_id=33"},"modified":"2015-10-13T14:01:42","modified_gmt":"2015-10-13T12:01:42","slug":"privacy","status":"publish","type":"page","link":"https:\/\/www.3dgis.it\/en\/privacy\/","title":{"rendered":"Privacy"},"content":{"rendered":"<p>Si tratta di un\u2019informativa per il trattamento dei dati personali che \u00e8 resa anche ai sensi dell\u2019art. 13 Decreto legislativo 196\/03 (di seguito Codice privacy) per gli utenti dei servizi del nostro sito, che vengono erogati via internet. L\u2019informativa non \u00e8 valida per altri siti web eventualmente consultabili attraverso i nostri link.<\/p>\n<h3>Il Titolare del trattamento<\/h3>\n<p>Il Titolare del trattamento dei dati personali, relativi a persone identificate o identificabili trattati a seguito della consultazione del nostro sito, \u00e8 3DGIS srl \u2013 Via Bibione 6 \u2013 35142 Padova (PD).<\/p>\n<h3>Luogo e finalit\u00e0 di trattamento dei dati<\/h3>\n<p>I trattamenti connessi ai servizi web di questo sito sono curati da dipendenti\/collaboratori di 3DGIS srl. Nessun dato derivante dal servizio web viene comunicato o diffuso a terzi. I dati personali forniti dagli utenti che inoltrano richieste di servizi sono utilizzati al solo fine di eseguire il servizio o la prestazione richiesta e non sono comunicati a soggetti terzi salvo che la comunicazione sia imposta da obblighi di legge o sia strettamente necessario per l\u2019adempimento delle richieste.<\/p>\n<h3>Tipi di dati trattati<\/h3>\n<h4>Dati di navigazione<\/h4>\n<p>I sistemi informatici e le procedure software preposte al funzionamento di questo sito web acquisiscono, nel corso del loro normale esercizio alcuni dati personali la cui trasmissione \u00e8 implicita nell\u2019uso dei protocolli di comunicazione di internet. Si tratta di informazioni che non sono raccolte per essere associate a interessati identificati, ma che per loro stessa natura potrebbero, attraverso elaborazioni ed associazioni con dati detenuti da terzi, permettere di identificare gli utenti. In questa categoria di dati rientrano gli indirizzi IP o i nomi a dominio dei computer utilizzati dagli utenti che si connettono al sito, gli indirizzi in notazione URI (Uniform Resource Identifier) delle risorse richieste, l\u2019orario della richiesta, il metodo utilizzato nel sottoporre la richiesta al server, la dimensione del file ottenuto in risposta, il codice numerico indicante lo stato della risposta data dal server (buon fine, errore ..) ed altri parametri relativi al sistema operativo e all\u2019ambiente informatico dell\u2019utente. Questi dati vengono utilizzati al solo fine di ricavare informazioni statistiche anonime sull\u2019uso del sito e per controllarne il corretto funzionamento e vengono cancellati immediatamente dopo l\u2019elaborazione. I dati potrebbero essere utilizzati per l\u2019accertamento di responsabilit\u00e0 in caso di ipotetici reati informatici ai danni del sito.<\/p>\n<h4>Dati forniti volontariamente dagli utenti<\/h4>\n<p>L\u2019invio facoltativo, esplicito e volontario di posta elettronica agli indirizzi indicati su questo sito comporta la successiva acquisizione dell\u2019indirizzo del mittente, necessario per rispondere alle richieste, nonch\u00e9 degli eventuali altri dati personali inseriti nella missiva. Sintetiche informative di sintesi verranno progressivamente riportate o visualizzate nelle pagine del sito predisposte per particolari servizi.<\/p>\n<h4>Cookies<\/h4>\n<p>Per cookies si intende un elemento testuale che viene inserito nel disco fisso di un computer solo in seguito ad autorizzazione. I cookies hanno la funzione di snellire l\u2019analisi del traffico su web o di segnalare quando un sito specifico viene visitato e consentono alle applicazioni web di inviare informazioni a singoli utenti. Nessun dato degli utenti viene in proposito acquisito dal sito. Non viene fatto uso di cookies per la trasmissione di informazioni di carattere personale, n\u00e9 vengono utilizzati c.d. cookies persistenti di alcun tipo, ovvero sistemi per il tracciamento degli utenti.<\/p>\n<p>Si legga l\u2019Avviso Cookie per ulteriori informazioni.<\/p>\n<h4>Facoltativit\u00e0 del conferimento dei dati<\/h4>\n<p>A parte quanto specificato per i dati di navigazione, l\u2019utente \u00e8 libero di fornire i dati personali per richiedere i servizi offerti dalla societ\u00e0. Il loro mancato conferimento pu\u00f2 comportare l\u2019impossibilit\u00e0 di ottenere il servizio richiesto.<\/p>\n<h4>Modalit\u00e0 di trattamento dei dati<\/h4>\n<p>I dati personali sono trattati con strumenti informatici automatizzati, per il tempo necessario a conseguire lo scopo per il quale sono stati raccolti. Specifiche misure di sicurezza sono osservate per prevenire la perdita dei dati, usi illeciti o non corretti ed accessi non autorizzati.<\/p>\n<h4>Diritti degli interessati<\/h4>\n<p>I soggetti cui si riferiscono i dati hanno i diritti previsti dall\u2019art. 7 del Codice privacy che prevede, tra gli altri il diritto di conoscere la presenza dei suoi dati e di ottenere la cancellazione, la rettifica, l\u2019aggiornamento dei dati stessi rivolgendosi al Titolare del trattamento in persona all\u2019indirizzo sopra indicato.<\/p>\n","protected":false},"excerpt":{"rendered":"<p class=\"qtranxs-available-languages-message qtranxs-available-languages-message-en\">Sorry, this entry is only available in <a href=\"https:\/\/www.3dgis.it\/it\/wp-json\/wp\/v2\/pages\/33\" class=\"qtranxs-available-language-link qtranxs-available-language-link-it\" title=\"Italiano\">Italiano<\/a>.<\/p>\n","protected":false},"author":2,"featured_media":0,"parent":0,"menu_order":0,"comment_status":"closed","ping_status":"closed","template":"","meta":{"_acf_changed":false,"footnotes":""},"class_list":["post-33","page","type-page","status-publish","hentry"],"acf":[],"_links":{"self":[{"href":"https:\/\/www.3dgis.it\/en\/wp-json\/wp\/v2\/pages\/33","targetHints":{"allow":["GET"]}}],"collection":[{"href":"https:\/\/www.3dgis.it\/en\/wp-json\/wp\/v2\/pages"}],"about":[{"href":"https:\/\/www.3dgis.it\/en\/wp-json\/wp\/v2\/types\/page"}],"author":[{"embeddable":true,"href":"https:\/\/www.3dgis.it\/en\/wp-json\/wp\/v2\/users\/2"}],"replies":[{"embeddable":true,"href":"https:\/\/www.3dgis.it\/en\/wp-json\/wp\/v2\/comments?post=33"}],"version-history":[{"count":1,"href":"https:\/\/www.3dgis.it\/en\/wp-json\/wp\/v2\/pages\/33\/revisions"}],"predecessor-version":[{"id":854,"href":"https:\/\/www.3dgis.it\/en\/wp-json\/wp\/v2\/pages\/33\/revisions\/854"}],"wp:attachment":[{"href":"https:\/\/www.3dgis.it\/en\/wp-json\/wp\/v2\/media?parent=33"}],"curies":[{"name":"wp","href":"https:\/\/api.w.org\/{rel}","templated":true}]}}