{"id":35,"date":"2015-09-09T18:06:08","date_gmt":"2015-09-09T16:06:08","guid":{"rendered":"http:\/\/www.3dgis.it\/?page_id=35"},"modified":"2015-10-13T14:02:04","modified_gmt":"2015-10-13T12:02:04","slug":"cookie","status":"publish","type":"page","link":"https:\/\/www.3dgis.it\/it\/cookie\/","title":{"rendered":"Cookie"},"content":{"rendered":"<h1>Avviso sull\u2019impiego dei Cookie<\/h1>\n<p>14 maggio 2015 revisione 00<\/p>\n<p>Questo sito utilizza i cookie per migliorare l\u2019esperienza utente e assicurarsi che funzioni in modo efficace.<\/p>\n<p>Il presente Avviso Cookie \u00e8 parte della nostra Informativa sulla Privacy. Per ulteriori informazioni su di noi, e su come proteggiamo informazioni dei visitatori, si prega di consultare la nostra Informativa sulla Privacy.<\/p>\n<p>Al fine di fornire un servizio pi\u00f9 personalizzato e reattivo abbiamo bisogno di ricordare e memorizzare le informazioni su come si utilizza questo sito web. Questo viene fatto utilizzando piccoli file di testo chiamati cookie. I cookie contengono piccole quantit\u00e0 di informazioni e vengono scaricati sul computer o altro dispositivo tramite un server di questo sito web. Il tuo browser invia quindi questi cookie a questo sito web ad ogni visita in modo che possa riconoscerti e ricordare cose come le preferenze dell\u2019utente. \u00c8 possibile trovare informazioni pi\u00f9 dettagliate sui cookie e come funzionano a <a href=\"http:\/\/www.aboutcookies.org\/\">http:\/\/www.aboutcookies.org\/<\/a>.<\/p>\n<p>Ogni volta che si utilizza questo sito web, le informazioni possono essere raccolte attraverso l\u2019uso di cookie e altre tecnologie. Utilizzando il presente sito web l\u2019utente accetta di utilizzare i cookie come descritto nel presente Avviso Cookie.<\/p>\n<h2 class=\"western\">Come usiamo i cookie e perch\u00e9?<\/h2>\n<p>Alcuni dei cookie che utilizziamo sono necessari per consentire di muoversi nel Sito e utilizzare le sue funzionalit\u00e0 come accedere alle aree protette che possono contenere contenuti per gli utenti registrati.<\/p>\n<p>Utilizziamo anche i cookie funzionali per registrare informazioni circa le scelte che avete fatto e per permetterci di personalizzare il sito per i nostri utenti; per esempio, ricordare la lingua o la regione o se avete gi\u00e0 completato un sondaggio. Queste informazioni sono di solito anonime e non vengono utilizzate per altri scopi.<\/p>\n<p>Utilizziamo anche servizi analitici per aiutarci a capire quanto siano efficaci i nostri contenuti, ci\u00f2 che interessa ai nostri utenti, e per migliorare il funzionamento di questo sito web. Inoltre, utilizziamo sonde web o tracking pixel per contare il numero di visitatori e performance cookie per monitorare il numero di utenti unici che accedono a questo sito Web e con quale frequenza. Queste informazioni vengono utilizzate esclusivamente a fini statistici e non \u00e8 nostra intenzione utilizzare tali informazioni per identificare personalmente un utente.<\/p>\n<p>Questo sito non fa uso di targeting cookie per fornire pubblicit\u00e0 mirata ai visitatori del sito.<\/p>\n<p>Perfavore contattaci se vuoi maggiori dettagli su come utilizziamo i cookies.<\/p>\n<h2 class=\"western\">Come controllare i cookie?<\/h2>\n<p>La maggior parte dei browser vi permetter\u00e0 di vedere quali cookie avete e si cancellarli su base individuale o bloccare i cookie provenienti da determinati o tutti i siti web. Siate consapevoli del fatto che ogni preferenza impostata sar\u00e0 persa se si eliminano tutti i cookie, tra cui la vostra preferenza di opt-out cookie. Per ulteriori informazioni su come modificare le impostazioni del browser per bloccare o filtrare i cookie, consultare <a href=\"http:\/\/www.aboutcookies.org\/\">http:\/\/www.aboutcookies.org\/<\/a>o <a href=\"http:\/\/www.cookiecentral.com\/faq\/\">http:\/\/www.cookiecentral.com\/faq\/<\/a>.<\/p>\n<h2 class=\"western\">Gestire gli Analytics Cookie<\/h2>\n<p>\u00c8 possibile scegliere di registrare la vostra attivit\u00e0 di navigazione anonima nel sitoweb tramite analytics cookie. Usiamo i seguenti fornitori di servizi e si pu\u00f2 sapere di pi\u00f9 circa le loro politiche sulla privacy e sulla gestione dei cookie cliccando sui seguenti link:<\/p>\n<p><strong>Adobe<\/strong>: <a href=\"http:\/\/www.adobe.com\/privacy\/opt-out.html\">http:\/\/www.adobe.com\/privacy\/opt-out.html<\/a><\/p>\n<p><strong>Google Analytics<\/strong>: <a href=\"http:\/\/www.google.com\/analytics\/learn\/privacy.html\">http:\/\/www.google.com\/analytics\/learn\/privacy.html<\/a><\/p>\n<h2 class=\"western\">Gestire gli oggetti condivisi localmente o i Flash Cookie<\/h2>\n<p>Un oggetto condiviso localmente o il flash cookie \u00e8 come la maggior parte degli altri browser cookie tranne che pu\u00f2 archiviare altri tipi di informazioni. Questi cookie non possono essere controllati mediante i meccanismi di cui sopra. Alcune parti di questo sito Web utilizzano questi tipi di cookie per memorizzare le preferenze dell\u2019utente per la funzionalit\u00e0 del lettore multimediale e senza di loro alcuni contenuti video non potrebbero funzionare correttamente. Questi cookie possono essere controllati manualmente visitando il sito Web di Adobe.<\/p>\n<p><a href=\"http:\/\/www.macromedia.com\/support\/documentation\/en\/flashplayer\/help\/settings_manager07.html\">http:\/\/www.macromedia.com\/support\/documentation\/en\/flashplayer\/help\/settings_manager07.html<\/a><\/p>\n<h2 class=\"western\">Bottoni Social<\/h2>\n<p>Usiamo i \u201cbottoni social\u201d per consentire ai nostri utenti di condividere o sognalare pagine web. Questi sono i pulsanti per i siti di social media di terze parti e questi siti possono registrare le informazioni sulle vostre attivit\u00e0 su Internet compreso su questo sito. Si prega di rivedere i rispettivi termini di utilizzo e di privacy di questi siti per capire esattamente come utilizzano le vostre informazioni ed eventualemente eliminarle.<\/p>\n<h2 class=\"western\">Servizi web esterni<\/h2>\n<p>A volte usiamo servizi Web esterni su questo sito per visualizzare il contenuto all\u2019interno delle pagine, ad esempio per visualizzare le immagini, mostrare video o sondaggi. Come con i tasti sociali, non possiamo impedire a tali siti o domini esterni di raccogliere informazioni sul vostro utilizzo del contenuto incorporato.<\/p>\n<h2 class=\"western\">Comunicazioni via email<\/h2>\n<p>Possiamo anche utilizzare le tecnologie di tracciamento per determinare se avete letto, cliccato, o inoltrato alcune comunicazioni e-mail che vi abbiamo inviato al fine di rendere le nostre comunicazioni pi\u00f9 utili e interessante. Se desiderate non confermare se avete aperto, cliccato o inoltrato le nostre comunicazioni, sar\u00e0 necessario annullare l\u2019iscrizione.I registrati possono aggiornare le proprie preferenze di comunicazione in qualsiasi momento contattandoci. Oppure \u00e8 possibile annullare l\u2019iscrizione seguendo le istruzioni riportate nelle singole comunicazioni e-mail che riceverete da noi.<\/p>\n<p>Possiamo modificare o emendare il presente Avviso Cookie di volta in volta a nostra discrezione. Quando facciamo modifiche al presente avviso, si modificher\u00e0 la data di revisione nella parte superiore di questa pagina. Ti invitiamo a rivedere periodicamente questo Avviso Cookie per essere informato su come usiamo i cookie.<\/p>\n","protected":false},"excerpt":{"rendered":"<p>Questo sito utilizza cookie tecnici per migliorare l\u2019esperienza utente e assicurarsi che funzioni in modo efficace.<\/p>\n","protected":false},"author":2,"featured_media":0,"parent":0,"menu_order":0,"comment_status":"closed","ping_status":"closed","template":"","meta":{"_acf_changed":false,"footnotes":""},"class_list":["post-35","page","type-page","status-publish","hentry"],"acf":[],"_links":{"self":[{"href":"https:\/\/www.3dgis.it\/it\/wp-json\/wp\/v2\/pages\/35","targetHints":{"allow":["GET"]}}],"collection":[{"href":"https:\/\/www.3dgis.it\/it\/wp-json\/wp\/v2\/pages"}],"about":[{"href":"https:\/\/www.3dgis.it\/it\/wp-json\/wp\/v2\/types\/page"}],"author":[{"embeddable":true,"href":"https:\/\/www.3dgis.it\/it\/wp-json\/wp\/v2\/users\/2"}],"replies":[{"embeddable":true,"href":"https:\/\/www.3dgis.it\/it\/wp-json\/wp\/v2\/comments?post=35"}],"version-history":[{"count":3,"href":"https:\/\/www.3dgis.it\/it\/wp-json\/wp\/v2\/pages\/35\/revisions"}],"predecessor-version":[{"id":855,"href":"https:\/\/www.3dgis.it\/it\/wp-json\/wp\/v2\/pages\/35\/revisions\/855"}],"wp:attachment":[{"href":"https:\/\/www.3dgis.it\/it\/wp-json\/wp\/v2\/media?parent=35"}],"curies":[{"name":"wp","href":"https:\/\/api.w.org\/{rel}","templated":true}]}}