{"id":62,"date":"2015-09-11T11:01:32","date_gmt":"2015-09-11T09:01:32","guid":{"rendered":"http:\/\/www.3dgis.it\/?page_id=62"},"modified":"2015-10-16T16:34:33","modified_gmt":"2015-10-16T14:34:33","slug":"inspire","status":"publish","type":"page","link":"https:\/\/www.3dgis.it\/it\/inspire\/","title":{"rendered":"La direttiva comunitaria INSPIRE"},"content":{"rendered":"<h1>Cos&#8217;\u00e8 INSPIRE?<\/h1>\n<p>INSPIRE \u00e8 un progetto della Commissione Europea per la realizzazione di infrastrutture di dati territoriali (Spatial data infrastructure &#8211; SDI) che siano interoperabili all&#8217;interno della Comunit\u00e0 Europea.<\/p>\n<p>INSPIRE \u00e8 acronimo di Infrastructure for Spatial Information in Europe. La direttiva \u00e8 entrata in vigore nel 2007 ed \u00e8 stata recepita in Italia con il D.Lgs. 32\/2010 denominato &#8220;Attuazione della direttiva 2007\/2\/CE, che istituisce un&#8217;infrastruttura per l&#8217;informazione territoriale nella Comunit\u00e0 europea (INSPIRE).<\/p>\n<p>L&#8217;obiettivo di INSPIRE \u00e8 di creare un quadro giuridico per la realizzazione di un&#8217;infrastruttura per l&#8217;informazione territoriale in Europa, al fine di formulare, attuale, monitorare e valutare le politiche comunitarie a vari livelli e di fornire informazioni ai cittadini.<\/p>\n<p>Ogni stato dell&#8217;Unione europea deve implementare una propria infrastruttura di dati territoriali nazionale, coordinando i livelli sub nazionali e mettendo a disposizione dati geografici, metadati e servizi.<\/p>\n<p>In questo modo ogni SDI nazionale costituir\u00e0 un nodo dell&#8217;Infrastruttura spaziale europea. Ogni stato membro dovr\u00e0 fornire l&#8217;accesso ai servizi tramite il geoportale INSPIRE, mantendo la facolt\u00e0 di realizzare geoportali nazionali.<\/p>\n<h1>Spatial data infrastructure (SDI)<\/h1>\n<p>Una spatial data infrastructure (SDI) o, in italiano, infrastruttura di dati territoriali \u00e8 un&#8217;infrastruttura dati composta da un framework di dati geografici, metadati, utenti e strumenti connessi interattivamente al fine di utilizzare i dati geografici in modo efficiente e flessibile.<\/p>\n<p>Una SDI dovrebbe consentire la scoperta e il reperimento di dati spaziali agli utenti attraverso una repository (archivio) dati.<\/p>\n<p>Le componenti principali di una SDI sono:<\/p>\n<ul>\n<li>Un <strong>client software\u00a0<\/strong>per la visualizzazione, l&#8217;interrogazione e l&#8217;analisi di dati territoriali (un desktop GIS o un WebGIS evoluto come <strong>Carto<\/strong>)<\/li>\n<li>Un <strong>servizio catalogo\u00a0<\/strong>per la scoperta, la navigazione e l&#8217;interrogazione di metadati e servizi geografici, dati territoriali e altre risorse (ad esempio GeoNetwork, in accoppiata al frontend semplificato per la realizzazione di cataloghi 3DGIS)<\/li>\n<li><strong>Servizi per i dati geografici\u00a0<\/strong>&#8211; per la consegna e la distribuzione dei dati via internet (ad esempio Geoserver, Deegree, Mapserver, ArcGIS server)<\/li>\n<li><strong>Servizi di processing\u00a0<\/strong>&#8211; per l&#8217;elaborazione dei dati, ad esempio tramite trasformazione di coordinate e datum.<\/li>\n<li><strong>Database spaziale\u00a0<\/strong>&#8211; per la memorizzazione dei dati (ad esempio Postgresql \/ Postgis e Oracle Spatial)<\/li>\n<\/ul>\n<p>Una SDI mette in comunicazione le componenti attraverso l&#8217;uso di standard aperti e comuni tra gli operatori coinvolti, ad esempio OGC WMS, WFS e GML, ISO 19115 per i dati geografici ma anche altri formati definiti da W3C come OASIS.<\/p>\n<h1>Metadati<\/h1>\n<p>I metadati sono <strong>dati che descrivono dati<\/strong>.<\/p>\n<p>Prendete ad esempio una fotografia e la sua descrizione, la data e il luogo di scatto: quest&#8217;ultimi sono metadati. Un altro esempio \u00e8 la descrizione e la posizione di un libro all&#8217;intero di una biblioteca. <br \/>In modo analogo INSPIRE definisce le regole per la descrizione dei dati geografici all&#8217;interno del catalogo dei dati spaziali.<\/p>\n<p>Gli obiettivi principali di un <strong>sistema di metadati\u00a0<\/strong>sono:<\/p>\n<ul>\n<li>Ricerca<\/li>\n<li>Localizzazione<\/li>\n<li>Selezione<\/li>\n<li>Interoperabilit\u00e0 semantica<\/li>\n<li>Gestione delle risorse<\/li>\n<li>Disponibilit\u00e0<\/li>\n<\/ul>\n<p>I sistemi di metadati sono strutturati in modo gerarchico, componendo delle strutture note come schemi o <strong>ontologie<\/strong>.<\/p>\n<p>Il tipo di metadati definiti da INSPIRE sono di tipo descrittivo e servono per l&#8217;identificazione e il recupero degli oggetti digitali. INSPIRE utilizza come standard di riferimento <strong>ISO 19115\u00a0<\/strong>e <strong>Dublin Core<\/strong>.<\/p>\n<h1>Modelli dati geografici e tematismi INSPIRE<\/h1>\n<p>Oltre alle regole di implementazione per i metadati, INSPIRE definisce tre annex di specifica dati.<\/p>\n<p>Ognuno di questi annex stabilisce un modello dati per tematismo e una struttura dati da rispettare per la comunicazione e lo scambio dei dati di quel particolare settore.<\/p>\n<ul>\n<li><strong>Annex 1<\/strong>\n<ul>\n<li>Indirizzi<\/li>\n<li>Unit\u00e0 amministrative<\/li>\n<li>Particelle catastali<\/li>\n<li>Sistemi di riferimento geografici (datum)<\/li>\n<li>Sistemi di proiezione geografici (grid)<\/li>\n<li>Toponimi<\/li>\n<li>Idrografia<\/li>\n<li>Siti protetti<\/li>\n<li>Reti di trasporto<\/li>\n<\/ul>\n<\/li>\n<li><strong>Annex 2<\/strong>\n<ul>\n<li>Altimetria<\/li>\n<li>Geologia<\/li>\n<li>Land cover<\/li>\n<li>Ortofoto<\/li>\n<\/ul>\n<\/li>\n<li><strong>Annex 3<\/strong>\n<ul>\n<li>Aziende agricole e acquacultura<\/li>\n<li>Gestione delle areee \/ restrizioni \/ zone regolate e unit\u00e0 di campionamento<\/li>\n<li>Condizioni atmosferiche<\/li>\n<li>Regioni biogeografiche<\/li>\n<li>Edifici<\/li>\n<li>Risorse energetiche<\/li>\n<li>Stazioni di monitoraggio ambientale<\/li>\n<li>Abitat e biotopi<\/li>\n<li>Salute e sicurezza delle persone<\/li>\n<li>Uso del suolo<\/li>\n<li>Meteorologia<\/li>\n<li>Risorse minerarie<\/li>\n<li>Zone naturali a rischio<\/li>\n<li>Oceanografia<\/li>\n<li>Distribuzione della popolazione e demografia<\/li>\n<li>Industria e manifatturiero<\/li>\n<li>Regioni marittime<\/li>\n<li>Terreno<\/li>\n<li>Distribuzione delle specie animali<\/li>\n<li>Unit\u00e0 statistiche<\/li>\n<li>Utility e servizi governativi<\/li>\n<\/ul>\n<\/li>\n<\/ul>\n<p>I modelli dati definiti da INSPIRE sono spesso molto ampi rispetto alle necessit\u00e0 usuali delle organizzazioni dato che tengono conto delle varie differenze dei paesi. E&#8217; tuttavia possibile che, a volte, manchino elementi in uso nel nostro paese e che servano quindi delle integrazioni al modello dati.<\/p>\n<h2>Devo cambiare il mio modello dati?<\/h2>\n<p>Diversamente da quanto si pu\u00f2 inizialmente pensare INSPIRE non richiede l&#8217;adozione del modello dati proposto.<\/p>\n<p>Lo scopo dei modelli dati introdotti dai tematismi INSPIRE \u00e8 l&#8217;interoperabilit\u00e0 ed \u00e8 quindi sufficiente essere in grado di esportare e importare in maniera automatica nel formato previsto dagli schema INSPIRE al fine di facilitare lo scambio dati.<\/p>\n<p>Questo punto di partenza configura due scenari, in funzione della presenza o meno di una struttura dati organizzata gi\u00e0 esistente.<\/p>\n<p>Nel caso in cui non vi siano dati strutturati, ma si voglia iniziare a collezionarli per qualsivoglia ragione, potrebbe essere utile considerare il modello dati INSPIRE, eventualmente con qualche piccola variazione.<\/p>\n<p>Nel caso invece in cui vi sia gi\u00e0 in produzione un modello dati stabile ed utilizzato sar\u00e0 necessario ideare una procedura di mapping verso il modello dati INSPIRE considerato e viceversa. Questa operazione pu\u00f2 essere svolta attraverso una piccola componente di integrazione, che pu\u00f2 supportare anche diversi modelli dati INSPIRE partendo dalla stessa sorgente dati.<\/p>\n<h1>3DGIS e INSPIRE<\/h1>\n<p>3DGIS crede molto nel progetto INSPIRE e ha predisposto le sue soluzione per l&#8217;uso e la pubblicazione di metadati.<\/p>\n<p>Carto, in particolare, pu\u00f2 generare e pubblicare direttamente su Geonetwork i metadati facilitandone quindi la redazione e l&#8217;armonizzazione, offrendo un unico punto di editing per tutti i dati inclusi nelle tavole del WebGIS.<\/p>\n<p>Nel caso, inoltre, si vogliano pubblicare i metadati in un geoportale semplificato rispetto a GeoNetwork, che include un&#8217;interfaccia efficace ma molto complessa per utilizzatori non tecnici, oppure realizzare una serie di geoportali personalizzati per settore o per cliente finale, \u00e8 stato sviluppato un frontend personalizzabile graficamente e con funzionalit\u00e0 di caching e gestione delle autorizzazioni.<\/p>\n<p>Nel corso degli anni, 3DGIS ha inoltre realizzato diversi servizi per la pubblicazione dei dati secondo gli schema definiti dai vari Annex di INSPIRE, attraverso l&#8217;uso di Geoserver e dello standard WFS, opportunamente configurato per ospitare dati geografici strutturati secondo il tematismo scelto.<\/p>","protected":false},"excerpt":{"rendered":"<p>Un modello di infrastruttura di servizi e dati per la condivisione di dati geografici e alfanumerici tra gli stati della Comunit\u00e0 Europea.<\/p>\n","protected":false},"author":2,"featured_media":0,"parent":0,"menu_order":0,"comment_status":"closed","ping_status":"closed","template":"","meta":{"_acf_changed":false,"footnotes":""},"class_list":["post-62","page","type-page","status-publish","hentry"],"acf":[],"_links":{"self":[{"href":"https:\/\/www.3dgis.it\/it\/wp-json\/wp\/v2\/pages\/62","targetHints":{"allow":["GET"]}}],"collection":[{"href":"https:\/\/www.3dgis.it\/it\/wp-json\/wp\/v2\/pages"}],"about":[{"href":"https:\/\/www.3dgis.it\/it\/wp-json\/wp\/v2\/types\/page"}],"author":[{"embeddable":true,"href":"https:\/\/www.3dgis.it\/it\/wp-json\/wp\/v2\/users\/2"}],"replies":[{"embeddable":true,"href":"https:\/\/www.3dgis.it\/it\/wp-json\/wp\/v2\/comments?post=62"}],"version-history":[{"count":3,"href":"https:\/\/www.3dgis.it\/it\/wp-json\/wp\/v2\/pages\/62\/revisions"}],"predecessor-version":[{"id":1024,"href":"https:\/\/www.3dgis.it\/it\/wp-json\/wp\/v2\/pages\/62\/revisions\/1024"}],"wp:attachment":[{"href":"https:\/\/www.3dgis.it\/it\/wp-json\/wp\/v2\/media?parent=62"}],"curies":[{"name":"wp","href":"https:\/\/api.w.org\/{rel}","templated":true}]}}