{"id":76,"date":"2015-09-11T11:05:39","date_gmt":"2015-09-11T09:05:39","guid":{"rendered":"http:\/\/www.3dgis.it\/?page_id=76"},"modified":"2026-02-11T21:32:47","modified_gmt":"2026-02-11T20:32:47","slug":"fondatori","status":"publish","type":"page","link":"https:\/\/www.3dgis.it\/it\/fondatori\/","title":{"rendered":"I fondatori di 3DGIS"},"content":{"rendered":"<div class=\"row person\">\n<div class=\"col-sm-3\">\n<p><img loading=\"lazy\" decoding=\"async\" class=\"img-circle img-responsive alignnone wp-image-644 size-full\" src=\"\/wp-content\/uploads\/2015\/09\/avt-massimo-rumor.png\" alt=\"avt-massimo-rumor\" width=\"400\" height=\"400\" srcset=\"https:\/\/www.3dgis.it\/wp-content\/uploads\/2015\/09\/avt-massimo-rumor.png 400w, https:\/\/www.3dgis.it\/wp-content\/uploads\/2015\/09\/avt-massimo-rumor-150x150.png 150w, https:\/\/www.3dgis.it\/wp-content\/uploads\/2015\/09\/avt-massimo-rumor-300x300.png 300w\" sizes=\"auto, (max-width: 400px) 100vw, 400px\" \/><\/p>\n<\/div>\n<div class=\"col-sm-9\">\n<h1>Massimo Rumor<\/h1>\n<h2>Amministratore<\/h2>\n<p>Laureato in Ingegneria Elettronica all&#8217;Universit\u00e0 di Padova nel 1970, ha costruito una carriera che unisce settore pubblico, privato e accademico. Dopo aver ricoperto vari ruoli ICT in aziende private, ha guidato come Direttore il Sistema Informativo della Citt\u00e0 di Padova dal 1980 al 1994. Dal 1994 \u00e8 professore a contratto e ricercatore presso il Dipartimento di Ingegneria dell&#8217;Informazione dell&#8217;Universit\u00e0 di Padova, parallelamente all&#8217;attivit\u00e0 di progettazione e consulenza per Enti Locali e aziende private. Autore di numerose pubblicazioni scientifiche e gi\u00e0 presidente di Urban Data Management Society.<\/p>\n<\/div>\n<\/div>\n<div class=\"row person\">\n<div class=\"col-sm-3\">\n<p><img loading=\"lazy\" decoding=\"async\" class=\"img-circle img-responsive alignnone wp-image-647 size-full\" src=\"\/wp-content\/uploads\/2026\/02\/avt-eduard-roccatello-2026.png\" alt=\"avt-eduard-roccatello\" width=\"400\" height=\"400\" \/><\/p>\n<\/div>\n<div class=\"col-sm-9\">\n<h1>Eduard Roccatello<\/h1>\n<h2>CTO &#8211; Ricerca e sviluppo<\/h2>\n<p>Laureato in Ingegneria Informatica all&#8217;Universit\u00e0 di Padova nel 2008, \u00e8 esperto di GIS, web e mobile development. Ha ideato e sviluppato Cityvu, il primo visualizzatore web 3D per il formato CityGML, e si dedica alla progettazione di sistemi complessi e alla sperimentazione di tecnologie innovative. Autore di numerose pubblicazioni scientifiche e tecniche su riviste settoriali, ha contribuito come core developer al desktop environment Xfce. Appassionato di gatti, fotografia e ciclismo.<\/p>\n<\/div>\n<\/div>\n<div class=\"row person\">\n<div class=\"col-sm-3\">\n<p><img loading=\"lazy\" decoding=\"async\" class=\"img-circle img-responsive alignnone wp-image-647 size-full\" src=\"\/wp-content\/uploads\/2026\/02\/avt-francesco-giunta.png\" alt=\"avt-francesco-giunta\" width=\"400\" height=\"400\" \/><\/p>\n<\/div>\n<div class=\"col-sm-9\">\n<h1>Francesco Giunta <\/h1>\n<h2>Sales Account Manager<\/h2>\n<p>Laureato in Ingegneria Informatica all&#8217;Universit\u00e0 di Padova, vanta un&#8217;approfondita conoscenza dei sistemi GIS e del settore della Pubblica Amministrazione. La sua esperienza nella gestione dei progetti si fonda su una spiccata capacit\u00e0 di analisi delle esigenze, interpretazione delle necessit\u00e0 dei clienti e conduzione metodica delle iniziative fino al raggiungimento degli obiettivi prefissati.<\/p>\n<\/div>\n<\/div>\n<div class=\"row person\">\n<div class=\"col-sm-3\">\n<p><img loading=\"lazy\" decoding=\"async\" class=\"img-circle img-responsive alignnone wp-image-646 size-full\" src=\"\/wp-content\/uploads\/2015\/09\/avt-luca-giandoso.png\" alt=\"avt-luca-giandoso\" width=\"400\" height=\"400\" srcset=\"https:\/\/www.3dgis.it\/wp-content\/uploads\/2015\/09\/avt-luca-giandoso.png 400w, https:\/\/www.3dgis.it\/wp-content\/uploads\/2015\/09\/avt-luca-giandoso-150x150.png 150w, https:\/\/www.3dgis.it\/wp-content\/uploads\/2015\/09\/avt-luca-giandoso-300x300.png 300w\" sizes=\"auto, (max-width: 400px) 100vw, 400px\" \/><\/p>\n<\/div>\n<div class=\"col-sm-9\">\n<h1>Luca Giandoso<\/h1>\n<h2>Product owner Carto<\/h2>\n<p class=\"p1\">Laureato in Ingegneria Informatica all&#8217;Universit\u00e0 di Padova nel 2006, si \u00e8 dedicato fin dall&#8217;inizio alla programmazione e allo sviluppo di web application basate su tecnologie open source. Esperto di architetture GIS, ha progettato il framework fondamentale dei prodotti 3DGIS e ne coordina tuttora l&#8217;evoluzione come Product Owner di Carto, dove definisce la visione strategica del prodotto e ne gestisce il ciclo di sviluppo in stretta collaborazione con il team tecnico e gli stakeholder.<\/p>\n<\/div>\n<\/div>","protected":false},"excerpt":{"rendered":"<p>Abbiamo creato 3DGIS per rendere alla portata di tutti l&#8217;informazione geospaziale.<\/p>\n","protected":false},"author":2,"featured_media":0,"parent":0,"menu_order":0,"comment_status":"closed","ping_status":"closed","template":"page-founders.php","meta":{"_acf_changed":false,"footnotes":""},"class_list":["post-76","page","type-page","status-publish","hentry"],"acf":[],"_links":{"self":[{"href":"https:\/\/www.3dgis.it\/it\/wp-json\/wp\/v2\/pages\/76","targetHints":{"allow":["GET"]}}],"collection":[{"href":"https:\/\/www.3dgis.it\/it\/wp-json\/wp\/v2\/pages"}],"about":[{"href":"https:\/\/www.3dgis.it\/it\/wp-json\/wp\/v2\/types\/page"}],"author":[{"embeddable":true,"href":"https:\/\/www.3dgis.it\/it\/wp-json\/wp\/v2\/users\/2"}],"replies":[{"embeddable":true,"href":"https:\/\/www.3dgis.it\/it\/wp-json\/wp\/v2\/comments?post=76"}],"version-history":[{"count":34,"href":"https:\/\/www.3dgis.it\/it\/wp-json\/wp\/v2\/pages\/76\/revisions"}],"predecessor-version":[{"id":1835,"href":"https:\/\/www.3dgis.it\/it\/wp-json\/wp\/v2\/pages\/76\/revisions\/1835"}],"wp:attachment":[{"href":"https:\/\/www.3dgis.it\/it\/wp-json\/wp\/v2\/media?parent=76"}],"curies":[{"name":"wp","href":"https:\/\/api.w.org\/{rel}","templated":true}]}}