{"id":80,"date":"2015-09-11T11:05:58","date_gmt":"2015-09-11T09:05:58","guid":{"rendered":"http:\/\/www.3dgis.it\/?page_id=80"},"modified":"2020-02-06T11:27:17","modified_gmt":"2020-02-06T10:27:17","slug":"certificazione-di-qualita","status":"publish","type":"page","link":"https:\/\/www.3dgis.it\/it\/certificazione-di-qualita\/","title":{"rendered":"Certificazione di qualit\u00e0"},"content":{"rendered":"<h1>Perch\u00e9 abbiamo sviluppato un sistema di gestione della qualit\u00e0<\/h1>\n<p>Ogni azienda deve affrontare molteplici sfide nel percorso che ogni giorno le porta verso i propri obiettivi. Per fare ci\u00f2 ogni azienda sviluppa protocolli e processi, stabilendo regole e utilizzando strumenti per armonizzare tali accorgimenti.<\/p>\n<p>3DGIS ha <strong>abbracciato la logica del sistema di gestione<\/strong>, stabilendo norme interne e metodologie specifiche per il raggiungimento degli obiettivi, che siano lo sviluppo di un nuovo software o la gestione di una segnalazione da parte gli utenti. <br \/>\nQuesto ci permette di non tralasciare dettagli importanti nella gestione quotidiana del lavoro.<\/p>\n<p>3DGIS ha sviluppato internamente una serie di strumenti software ideati per rendere efficiente il proprio sistema di gestione: <strong>tutto passa attraverso i mezzi digitali<\/strong> e \u00e8 sempre visibile lo stato di avanzamento di progetti e operazioni.<\/p>\n<p>Gli strumenti di analisi dell&#8217;operativit\u00e0 passata ci permettono di individuare le criticit\u00e0 e di attuare azioni migliorative per rendere ancora migliore i servizi per i nostri clienti.<\/p>\n<h1>Certificazione di qualit\u00e0 ISO 9001:2015<\/h1>\n<p>3DGIS<strong>\u00a0<\/strong>ha ottenuto la certificazione del proprio sistema di gestione della qualit\u00e0 nell&#8217;anno 2013.<\/p>\n<div class=\"list-group\">\n<li   class=\"list-group-item\">\n<h4 class=\"list-group-item-heading\">Certificato numero<\/h4>\n<p class=\"list-group-item-text\">IT13\/0614<\/p>\n<\/li>\n<li   class=\"list-group-item\">\n<h4 class=\"list-group-item-heading\">Azienda<\/h4>\n<p class=\"list-group-item-text\">3DGIS SRL<\/p>\n<\/li>\n<li   class=\"list-group-item\">\n<h4 class=\"list-group-item-heading\">Scopo<\/h4>\n<p class=\"list-group-item-text\">Progettazione, sviluppo ed assistenza di sistemi informativi territoriali e di soluzioni nell&#8217;area ICT e Geo-ICT<\/p>\n<\/li>\n<\/div>\n<p>Certificazione rilasciata\u00a0da SGS Italia SpA il giorno 30 luglio 2013.<\/p>","protected":false},"excerpt":{"rendered":"<p>3DGIS ha certificato il proprio sistema di gestione della qualit\u00e0 secondo lo standard ISO 9001:2008, attraverso SGS Italia.<\/p>\n","protected":false},"author":2,"featured_media":0,"parent":0,"menu_order":0,"comment_status":"closed","ping_status":"closed","template":"","meta":{"_acf_changed":false,"footnotes":""},"class_list":["post-80","page","type-page","status-publish","hentry"],"acf":[],"_links":{"self":[{"href":"https:\/\/www.3dgis.it\/it\/wp-json\/wp\/v2\/pages\/80","targetHints":{"allow":["GET"]}}],"collection":[{"href":"https:\/\/www.3dgis.it\/it\/wp-json\/wp\/v2\/pages"}],"about":[{"href":"https:\/\/www.3dgis.it\/it\/wp-json\/wp\/v2\/types\/page"}],"author":[{"embeddable":true,"href":"https:\/\/www.3dgis.it\/it\/wp-json\/wp\/v2\/users\/2"}],"replies":[{"embeddable":true,"href":"https:\/\/www.3dgis.it\/it\/wp-json\/wp\/v2\/comments?post=80"}],"version-history":[{"count":18,"href":"https:\/\/www.3dgis.it\/it\/wp-json\/wp\/v2\/pages\/80\/revisions"}],"predecessor-version":[{"id":1603,"href":"https:\/\/www.3dgis.it\/it\/wp-json\/wp\/v2\/pages\/80\/revisions\/1603"}],"wp:attachment":[{"href":"https:\/\/www.3dgis.it\/it\/wp-json\/wp\/v2\/media?parent=80"}],"curies":[{"name":"wp","href":"https:\/\/api.w.org\/{rel}","templated":true}]}}